{"id":80,"date":"2023-08-09T07:56:33","date_gmt":"2023-08-09T07:56:33","guid":{"rendered":"https:\/\/sternum-fizikalnaterapija.hr\/?page_id=80"},"modified":"2023-09-29T20:48:24","modified_gmt":"2023-09-29T18:48:24","slug":"o-nama","status":"publish","type":"page","link":"https:\/\/sternum-fizikalnaterapija.hr\/?page_id=80","title":{"rendered":"O nama"},"content":{"rendered":"<p>Fizikalna terapija, \u010desto nazivana fizioterapijom, je grana zdravstvene skrbi koja se fokusira na pobolj\u0161anje pokretljivosti, funkcionalnosti i smanjenje boli kod pacijenata razli\u010ditih dobnih skupina. Ova terapeutska praksa koristi niz fizi\u010dkih postupaka, vje\u017ebi i tehnika kako bi pomogla ljudima koji se suo\u010davaju s ozljedama, bolestima ili poreme\u0107ajima u mi\u0161i\u0107no-ko\u0161tanom sustavu.<\/p>\n<p>&nbsp;<\/p>\n<p><img loading=\"lazy\" decoding=\"async\" class=\"size-medium wp-image-182 aligncenter\" src=\"https:\/\/sternum-fizikalnaterapija.hr\/wp-content\/uploads\/2023\/08\/slika-fizikalna-zadnja-300x240.jpg\" alt=\"\" width=\"300\" height=\"240\" srcset=\"https:\/\/sternum-fizikalnaterapija.hr\/wp-content\/uploads\/2023\/08\/slika-fizikalna-zadnja-300x240.jpg 300w, https:\/\/sternum-fizikalnaterapija.hr\/wp-content\/uploads\/2023\/08\/slika-fizikalna-zadnja-1024x818.jpg 1024w, https:\/\/sternum-fizikalnaterapija.hr\/wp-content\/uploads\/2023\/08\/slika-fizikalna-zadnja-768x614.jpg 768w, https:\/\/sternum-fizikalnaterapija.hr\/wp-content\/uploads\/2023\/08\/slika-fizikalna-zadnja.jpg 1080w\" sizes=\"auto, (max-width: 300px) 100vw, 300px\" \/><\/p>\n<p>&nbsp;<\/p>\n<p>Glavni ciljevi fizikalne terapije:<\/p>\n<p>Smanjenje boli: Fizikalna terapija koristi razli\u010dite tehnike, uklju\u010duju\u0107i terapeutske vje\u017ebe, masa\u017ee, i elektroterapiju, kako bi smanjila bol i nelagodu. Ovo je od velikog zna\u010daja za pacijente koji se oporavljaju od ozljeda ili operacija.<\/p>\n<p>Pove\u0107anje pokretljivosti: Terapeuti koriste individualizirane vje\u017ebe i tehnike manipulacije kako bi pobolj\u0161ali pokretljivost zglobova i mi\u0161i\u0107a. Ovo je klju\u010dno za ljude koji imaju problema s pokretljivo\u0161\u0107u nakon ozljeda ili bolesti.<\/p>\n<p>Povratak snage: Kroz individualno prilago\u0111en program vje\u017ebi, fizioterapeuti poma\u017eu pacijentima da obnove snagu mi\u0161i\u0107a koji su oslabljeni zbog ozljeda ili bolesti.<\/p>\n<p>Prevencija budu\u0107ih ozljeda: Fizikalna terapija ne samo da lije\u010di postoje\u0107e ozljede, ve\u0107 i pou\u010dava pacijente o pravilnom izvo\u0111enju vje\u017ebi koje mogu smanjiti rizik od budu\u0107ih ozljeda.<\/p>\n<p>Pobolj\u0161anje ravnote\u017ee i koordinacije: Posebne vje\u017ebe koje se koriste u fizikalnoj terapiji poma\u017eu pobolj\u0161ati ravnote\u017eu i koordinaciju, \u0161to je posebno va\u017eno za starije osobe i pacijente koji su podlo\u017eni padovima.<\/p>\n<p>Kada potra\u017eiti Fizikalnu terapiju:<\/p>\n<p>Nakon ozljeda ili operacija: Fizikalna terapija poma\u017ee u br\u017eem oporavku nakon operacija ili ozljeda, obnavljaju\u0107i funkciju i smanjuju\u0107i bol.<\/p>\n<p>Kod kroni\u010dnih bolova: Za pacijente koji pate od dugotrajnih bolova, fizikalna terapija mo\u017ee pru\u017eiti dugoro\u010dno olak\u0161anje bez potrebe za lijekovima.<\/p>\n<p>Kod neurolo\u0161kih stanja: Pacijenti s neurolo\u0161kim stanjima poput multiple skleroze ili mo\u017edanog udara mogu koristiti fizikalnu terapiju za pobolj\u0161anje motori\u010dkih sposobnosti.<\/p>\n<p>Kod sportskih ozljeda: Sporta\u0161i koji su do\u017eivjeli ozljede mogu koristiti fizikalnu terapiju za br\u017ei povratak na teren, ja\u010danje mi\u0161i\u0107a i prevenciju budu\u0107ih ozljeda.<\/p>\n<p>Fizikalna terapija nije samo tretman; to je put prema aktivnom i zdravom \u017eivljenju.<\/p>\n","protected":false},"excerpt":{"rendered":"<p>Fizikalna terapija, \u010desto nazivana fizioterapijom, je grana zdravstvene skrbi koja se fokusira na pobolj\u0161anje pokretljivosti, funkcionalnosti i smanjenje boli kod pacijenata razli\u010ditih dobnih skupina. Ova terapeutska praksa koristi niz fizi\u010dkih postupaka, vje\u017ebi i tehnika kako bi pomogla ljudima koji se suo\u010davaju s ozljedama, bolestima ili poreme\u0107ajima u mi\u0161i\u0107no-ko\u0161tanom sustavu. &nbsp; &nbsp; Glavni ciljevi fizikalne terapije: &hellip;<br \/><a href=\"https:\/\/sternum-fizikalnaterapija.hr\/?page_id=80\" class=\"more-link pen_button pen_element_default pen_icon_arrow\">Nastavite \u010ditati <span class=\"screen-reader-text\">O nama<\/span><\/a><\/p>\n","protected":false},"author":1,"featured_media":0,"parent":0,"menu_order":0,"comment_status":"closed","ping_status":"closed","template":"","meta":{"footnotes":""},"class_list":["post-80","page","type-page","status-publish","hentry"],"_links":{"self":[{"href":"https:\/\/sternum-fizikalnaterapija.hr\/index.php?rest_route=\/wp\/v2\/pages\/80","targetHints":{"allow":["GET"]}}],"collection":[{"href":"https:\/\/sternum-fizikalnaterapija.hr\/index.php?rest_route=\/wp\/v2\/pages"}],"about":[{"href":"https:\/\/sternum-fizikalnaterapija.hr\/index.php?rest_route=\/wp\/v2\/types\/page"}],"author":[{"embeddable":true,"href":"https:\/\/sternum-fizikalnaterapija.hr\/index.php?rest_route=\/wp\/v2\/users\/1"}],"replies":[{"embeddable":true,"href":"https:\/\/sternum-fizikalnaterapija.hr\/index.php?rest_route=%2Fwp%2Fv2%2Fcomments&post=80"}],"version-history":[{"count":18,"href":"https:\/\/sternum-fizikalnaterapija.hr\/index.php?rest_route=\/wp\/v2\/pages\/80\/revisions"}],"predecessor-version":[{"id":243,"href":"https:\/\/sternum-fizikalnaterapija.hr\/index.php?rest_route=\/wp\/v2\/pages\/80\/revisions\/243"}],"wp:attachment":[{"href":"https:\/\/sternum-fizikalnaterapija.hr\/index.php?rest_route=%2Fwp%2Fv2%2Fmedia&parent=80"}],"curies":[{"name":"wp","href":"https:\/\/api.w.org\/{rel}","templated":true}]}}